{"id":2556,"date":"2025-02-18T15:56:09","date_gmt":"2025-02-18T15:56:09","guid":{"rendered":"https:\/\/dev.advantag.ca\/?page_id=2556"},"modified":"2025-03-06T15:13:42","modified_gmt":"2025-03-06T15:13:42","slug":"contactez-nous","status":"publish","type":"page","link":"https:\/\/www.advantag.ca\/fr\/contactez-nous\/","title":{"rendered":"Contactez-nous"},"content":{"rendered":"[et_pb_section fb_built=&#8221;1&#8243; admin_label=&#8221;Testimonials&#8221; _builder_version=&#8221;4.27.4&#8243; _module_preset=&#8221;default&#8221; background_color=&#8221;#FFFFFF&#8221; custom_padding=&#8221;0px||0px||true|false&#8221; collapsed=&#8221;on&#8221; global_colors_info=&#8221;{}&#8221; theme_builder_area=&#8221;post_content&#8221;][et_pb_row _builder_version=&#8221;4.27.4&#8243; _module_preset=&#8221;default&#8221; global_colors_info=&#8221;{}&#8221; theme_builder_area=&#8221;post_content&#8221;][et_pb_column type=&#8221;4_4&#8243; _builder_version=&#8221;4.27.4&#8243; _module_preset=&#8221;default&#8221; global_colors_info=&#8221;{}&#8221; theme_builder_area=&#8221;post_content&#8221;][et_pb_code _builder_version=&#8221;4.27.4&#8243; _module_preset=&#8221;default&#8221; global_colors_info=&#8221;{}&#8221; theme_builder_area=&#8221;post_content&#8221;]<span><span><a href=\"https:\/\/www.advantag.ca\/fr\/\">Accueil<\/a><\/span><\/span>[\/et_pb_code][\/et_pb_column][\/et_pb_row][et_pb_row column_structure=&#8221;1_3,2_3&#8243; use_custom_gutter=&#8221;on&#8221; gutter_width=&#8221;1&#8243; make_equal=&#8221;on&#8221; _builder_version=&#8221;4.27.4&#8243; _module_preset=&#8221;default&#8221; width=&#8221;100%&#8221; max_width=&#8221;none&#8221; custom_padding=&#8221;0px||0px||true|false&#8221; global_colors_info=&#8221;{}&#8221; theme_builder_area=&#8221;post_content&#8221;][et_pb_column type=&#8221;1_3&#8243; _builder_version=&#8221;4.24.3&#8243; _module_preset=&#8221;default&#8221; use_background_color_gradient=&#8221;on&#8221; background_color_gradient_direction=&#8221;182deg&#8221; background_color_gradient_stops=&#8221;rgba(0,0,0,0) 0%|rgba(255,255,255,0) 100%&#8221; background_color_gradient_overlays_image=&#8221;on&#8221; background_image=&#8221;https:\/\/dev.advantag.ca\/wp-content\/uploads\/2025\/01\/ACCUEIL_ADVANTAG_CONTACT_2560pxX2650px.png&#8221; custom_padding=&#8221;20vw|10vw|70px|10vw|false|true&#8221; custom_padding_tablet=&#8221;|70px|70px|70px|false|true&#8221; custom_padding_phone=&#8221;|40px|40px|40px|false|true&#8221; custom_padding_last_edited=&#8221;on|tablet&#8221; global_colors_info=&#8221;{}&#8221; theme_builder_area=&#8221;post_content&#8221;][\/et_pb_column][et_pb_column type=&#8221;2_3&#8243; _builder_version=&#8221;4.24.3&#8243; _module_preset=&#8221;default&#8221; background_color=&#8221;#FFFFFF&#8221; custom_padding=&#8221;8%|4vw|8%|4vw|true|true&#8221; global_colors_info=&#8221;{}&#8221; theme_builder_area=&#8221;post_content&#8221;][et_pb_text _builder_version=&#8221;4.27.4&#8243; _module_preset=&#8221;default&#8221; header_4_font=&#8221;Outfit|700|||||||&#8221; header_4_text_color=&#8221;#2A3466&#8243; header_4_font_size=&#8221;31px&#8221; hover_enabled=&#8221;0&#8243; global_colors_info=&#8221;{}&#8221; theme_builder_area=&#8221;post_content&#8221; sticky_enabled=&#8221;0&#8243;]<h4>Vous voulez discuter avec nous?<h4>[\/et_pb_text][et_pb_text _builder_version=&#8221;4.27.4&#8243; _module_preset=&#8221;default&#8221; hover_enabled=&#8221;0&#8243; global_colors_info=&#8221;{}&#8221; theme_builder_area=&#8221;post_content&#8221; sticky_enabled=&#8221;0&#8243;]<iframe data-tally-src=\"https:\/\/tally.so\/embed\/mOoP6R?alignLeft=1&#038;hideTitle=1&#038;transparentBackground=1&#038;dynamicHeight=1\" loading=\"lazy\" width=\"100%\" height=\"276\" frameborder=\"0\" marginheight=\"0\" marginwidth=\"0\" title=\"Discutez aves nous!\"><\/iframe>\n<script>var d=document,w=\"https:\/\/tally.so\/widgets\/embed.js\",v=function(){\"undefined\"!=typeof Tally?Tally.loadEmbeds():d.querySelectorAll(\"iframe[data-tally-src]:not([src])\").forEach((function(e){e.src=e.dataset.tallySrc}))};if(\"undefined\"!=typeof Tally)v();else if(d.querySelector('script[src=\"'+w+'\"]')==null){var s=d.createElement(\"script\");s.src=w,s.onload=v,s.onerror=v,d.body.appendChild(s);}<\/script>[\/et_pb_text][\/et_pb_column][\/et_pb_row][\/et_pb_section]","protected":false},"excerpt":{"rendered":"<p><span><span><a href=\"https:\/\/www.advantag.ca\/fr\/\">Accueil<\/a><\/span><\/span>Vous voulez discuter avec nous?<\/p>","protected":false},"author":1,"featured_media":2093,"parent":0,"menu_order":0,"comment_status":"closed","ping_status":"closed","template":"","meta":{"_et_pb_use_builder":"on","_et_pb_old_content":"","_et_gb_content_width":"","footnotes":""},"class_list":["post-2556","page","type-page","status-publish","has-post-thumbnail","hentry"],"yoast_head":"<!-- This site is optimized with the Yoast SEO plugin v26.5 - https:\/\/yoast.com\/wordpress\/plugins\/seo\/ -->\n<title>Besoin de nous parler? - Advantag Canada<\/title>\n<meta name=\"description\" content=\"Advantag Canada est fabrique des \u00e9tiquettes sur mesure et offre des \u00e9tiquettes vierges pr\u00eates \u00e0 l&#039;emploi. Nous sommes situ\u00e9s \u00e0 Drummondville.\" \/>\n<meta name=\"robots\" content=\"index, follow, max-snippet:-1, max-image-preview:large, max-video-preview:-1\" \/>\n<link rel=\"canonical\" href=\"https:\/\/www.advantag.ca\/fr\/contactez-nous\/\" \/>\n<meta property=\"og:locale\" content=\"fr_CA\" \/>\n<meta property=\"og:type\" content=\"article\" \/>\n<meta property=\"og:title\" content=\"Besoin de nous parler? - Advantag Canada\" \/>\n<meta property=\"og:description\" content=\"Advantag Canada est fabrique des \u00e9tiquettes sur mesure et offre des \u00e9tiquettes vierges pr\u00eates \u00e0 l&#039;emploi. Nous sommes situ\u00e9s \u00e0 Drummondville.\" \/>\n<meta property=\"og:url\" content=\"https:\/\/www.advantag.ca\/fr\/contactez-nous\/\" \/>\n<meta property=\"og:site_name\" content=\"Advantag Canada\" \/>\n<meta property=\"article:modified_time\" content=\"2025-03-06T15:13:42+00:00\" \/>\n<meta property=\"og:image\" content=\"https:\/\/www.advantag.ca\/wp-content\/uploads\/2025\/01\/FINISHING_ATTACHEMENTS_1113pxX1113px.png\" \/>\n\t<meta property=\"og:image:width\" content=\"1113\" \/>\n\t<meta property=\"og:image:height\" content=\"1113\" \/>\n\t<meta property=\"og:image:type\" content=\"image\/png\" \/>\n<meta name=\"twitter:card\" content=\"summary_large_image\" \/>\n<meta name=\"twitter:label1\" content=\"Estimation du temps de lecture\" \/>\n\t<meta name=\"twitter:data1\" content=\"1 minute\" \/>\n<script type=\"application\/ld+json\" class=\"yoast-schema-graph\">{\"@context\":\"https:\/\/schema.org\",\"@graph\":[{\"@type\":\"WebPage\",\"@id\":\"https:\/\/www.advantag.ca\/contactez-nous\/\",\"url\":\"https:\/\/www.advantag.ca\/contactez-nous\/\",\"name\":\"Besoin de nous parler? - Advantag Canada\",\"isPartOf\":{\"@id\":\"https:\/\/www.advantag.ca\/#website\"},\"primaryImageOfPage\":{\"@id\":\"https:\/\/www.advantag.ca\/contactez-nous\/#primaryimage\"},\"image\":{\"@id\":\"https:\/\/www.advantag.ca\/contactez-nous\/#primaryimage\"},\"thumbnailUrl\":\"https:\/\/www.advantag.ca\/wp-content\/uploads\/2025\/01\/FINISHING_ATTACHEMENTS_1113pxX1113px.png\",\"datePublished\":\"2025-02-18T15:56:09+00:00\",\"dateModified\":\"2025-03-06T15:13:42+00:00\",\"description\":\"Advantag Canada est fabrique des \u00e9tiquettes sur mesure et offre des \u00e9tiquettes vierges pr\u00eates \u00e0 l'emploi. Nous sommes situ\u00e9s \u00e0 Drummondville.\",\"breadcrumb\":{\"@id\":\"https:\/\/www.advantag.ca\/contactez-nous\/#breadcrumb\"},\"inLanguage\":\"fr-CA\",\"potentialAction\":[{\"@type\":\"ReadAction\",\"target\":[\"https:\/\/www.advantag.ca\/contactez-nous\/\"]}]},{\"@type\":\"ImageObject\",\"inLanguage\":\"fr-CA\",\"@id\":\"https:\/\/www.advantag.ca\/contactez-nous\/#primaryimage\",\"url\":\"https:\/\/www.advantag.ca\/wp-content\/uploads\/2025\/01\/FINISHING_ATTACHEMENTS_1113pxX1113px.png\",\"contentUrl\":\"https:\/\/www.advantag.ca\/wp-content\/uploads\/2025\/01\/FINISHING_ATTACHEMENTS_1113pxX1113px.png\",\"width\":1113,\"height\":1113,\"caption\":\"Tags with wires, custom manila tags\"},{\"@type\":\"BreadcrumbList\",\"@id\":\"https:\/\/www.advantag.ca\/contactez-nous\/#breadcrumb\",\"itemListElement\":[{\"@type\":\"ListItem\",\"position\":1,\"name\":\"Accueil\",\"item\":\"https:\/\/www.advantag.ca\/\"},{\"@type\":\"ListItem\",\"position\":2,\"name\":\"Contactez-nous\"}]},{\"@type\":\"WebSite\",\"@id\":\"https:\/\/www.advantag.ca\/#website\",\"url\":\"https:\/\/www.advantag.ca\/\",\"name\":\"Advantag Canada\",\"description\":\"Canadian Tag Manufacturer\",\"potentialAction\":[{\"@type\":\"SearchAction\",\"target\":{\"@type\":\"EntryPoint\",\"urlTemplate\":\"https:\/\/www.advantag.ca\/?s={search_term_string}\"},\"query-input\":{\"@type\":\"PropertyValueSpecification\",\"valueRequired\":true,\"valueName\":\"search_term_string\"}}],\"inLanguage\":\"fr-CA\"}]}<\/script>\n<!-- \/ Yoast SEO plugin. -->","yoast_head_json":{"title":"Besoin de nous parler? - Advantag Canada","description":"Advantag Canada est fabrique des \u00e9tiquettes sur mesure et offre des \u00e9tiquettes vierges pr\u00eates \u00e0 l'emploi. Nous sommes situ\u00e9s \u00e0 Drummondville.","robots":{"index":"index","follow":"follow","max-snippet":"max-snippet:-1","max-image-preview":"max-image-preview:large","max-video-preview":"max-video-preview:-1"},"canonical":"https:\/\/www.advantag.ca\/fr\/contactez-nous\/","og_locale":"fr_CA","og_type":"article","og_title":"Besoin de nous parler? - Advantag Canada","og_description":"Advantag Canada est fabrique des \u00e9tiquettes sur mesure et offre des \u00e9tiquettes vierges pr\u00eates \u00e0 l'emploi. Nous sommes situ\u00e9s \u00e0 Drummondville.","og_url":"https:\/\/www.advantag.ca\/fr\/contactez-nous\/","og_site_name":"Advantag Canada","article_modified_time":"2025-03-06T15:13:42+00:00","og_image":[{"width":1113,"height":1113,"url":"https:\/\/www.advantag.ca\/wp-content\/uploads\/2025\/01\/FINISHING_ATTACHEMENTS_1113pxX1113px.png","type":"image\/png"}],"twitter_card":"summary_large_image","twitter_misc":{"Estimation du temps de lecture":"1 minute"},"schema":{"@context":"https:\/\/schema.org","@graph":[{"@type":"WebPage","@id":"https:\/\/www.advantag.ca\/contactez-nous\/","url":"https:\/\/www.advantag.ca\/contactez-nous\/","name":"Besoin de nous parler? - Advantag Canada","isPartOf":{"@id":"https:\/\/www.advantag.ca\/#website"},"primaryImageOfPage":{"@id":"https:\/\/www.advantag.ca\/contactez-nous\/#primaryimage"},"image":{"@id":"https:\/\/www.advantag.ca\/contactez-nous\/#primaryimage"},"thumbnailUrl":"https:\/\/www.advantag.ca\/wp-content\/uploads\/2025\/01\/FINISHING_ATTACHEMENTS_1113pxX1113px.png","datePublished":"2025-02-18T15:56:09+00:00","dateModified":"2025-03-06T15:13:42+00:00","description":"Advantag Canada est fabrique des \u00e9tiquettes sur mesure et offre des \u00e9tiquettes vierges pr\u00eates \u00e0 l'emploi. Nous sommes situ\u00e9s \u00e0 Drummondville.","breadcrumb":{"@id":"https:\/\/www.advantag.ca\/contactez-nous\/#breadcrumb"},"inLanguage":"fr-CA","potentialAction":[{"@type":"ReadAction","target":["https:\/\/www.advantag.ca\/contactez-nous\/"]}]},{"@type":"ImageObject","inLanguage":"fr-CA","@id":"https:\/\/www.advantag.ca\/contactez-nous\/#primaryimage","url":"https:\/\/www.advantag.ca\/wp-content\/uploads\/2025\/01\/FINISHING_ATTACHEMENTS_1113pxX1113px.png","contentUrl":"https:\/\/www.advantag.ca\/wp-content\/uploads\/2025\/01\/FINISHING_ATTACHEMENTS_1113pxX1113px.png","width":1113,"height":1113,"caption":"Tags with wires, custom manila tags"},{"@type":"BreadcrumbList","@id":"https:\/\/www.advantag.ca\/contactez-nous\/#breadcrumb","itemListElement":[{"@type":"ListItem","position":1,"name":"Accueil","item":"https:\/\/www.advantag.ca\/"},{"@type":"ListItem","position":2,"name":"Contactez-nous"}]},{"@type":"WebSite","@id":"https:\/\/www.advantag.ca\/#website","url":"https:\/\/www.advantag.ca\/","name":"Advantag Canada","description":"Canadian Tag Manufacturer","potentialAction":[{"@type":"SearchAction","target":{"@type":"EntryPoint","urlTemplate":"https:\/\/www.advantag.ca\/?s={search_term_string}"},"query-input":{"@type":"PropertyValueSpecification","valueRequired":true,"valueName":"search_term_string"}}],"inLanguage":"fr-CA"}]}},"_links":{"self":[{"href":"https:\/\/www.advantag.ca\/fr\/wp-json\/wp\/v2\/pages\/2556","targetHints":{"allow":["GET"]}}],"collection":[{"href":"https:\/\/www.advantag.ca\/fr\/wp-json\/wp\/v2\/pages"}],"about":[{"href":"https:\/\/www.advantag.ca\/fr\/wp-json\/wp\/v2\/types\/page"}],"author":[{"embeddable":true,"href":"https:\/\/www.advantag.ca\/fr\/wp-json\/wp\/v2\/users\/1"}],"replies":[{"embeddable":true,"href":"https:\/\/www.advantag.ca\/fr\/wp-json\/wp\/v2\/comments?post=2556"}],"version-history":[{"count":4,"href":"https:\/\/www.advantag.ca\/fr\/wp-json\/wp\/v2\/pages\/2556\/revisions"}],"predecessor-version":[{"id":2804,"href":"https:\/\/www.advantag.ca\/fr\/wp-json\/wp\/v2\/pages\/2556\/revisions\/2804"}],"wp:featuredmedia":[{"embeddable":true,"href":"https:\/\/www.advantag.ca\/fr\/wp-json\/wp\/v2\/media\/2093"}],"wp:attachment":[{"href":"https:\/\/www.advantag.ca\/fr\/wp-json\/wp\/v2\/media?parent=2556"}],"curies":[{"name":"wp","href":"https:\/\/api.w.org\/{rel}","templated":true}]}}