{"id":46,"date":"2024-03-27T13:55:38","date_gmt":"2024-03-27T13:55:38","guid":{"rendered":"https:\/\/dev.advantag.ca\/?page_id=46"},"modified":"2025-02-18T16:57:21","modified_gmt":"2025-02-18T16:57:21","slug":"tag-finishing","status":"publish","type":"page","link":"https:\/\/www.advantag.ca\/fr\/tag-finishing\/","title":{"rendered":"Finition"},"content":{"rendered":"<p>[et_pb_section fb_built=&#8221;1&#8243; admin_label=&#8221;Header&#8221; _builder_version=&#8221;4.24.3&#8243; _module_preset=&#8221;default&#8221; background_color=&#8221;rgba(214,214,214,0.36)&#8221; background_enable_image=&#8221;off&#8221; custom_margin=&#8221;-5px||-8px||false|false&#8221; custom_padding=&#8221;1vw||53px||false|false&#8221; collapsed=&#8221;on&#8221; global_colors_info=&#8221;{}&#8221;][et_pb_row _builder_version=&#8221;4.21.0&#8243; _module_preset=&#8221;default&#8221; custom_padding=&#8221;||0px|||&#8221; global_colors_info=&#8221;{}&#8221;][et_pb_column type=&#8221;4_4&#8243; _builder_version=&#8221;4.21.0&#8243; _module_preset=&#8221;default&#8221; global_colors_info=&#8221;{}&#8221;][et_pb_code _builder_version=&#8221;4.27.4&#8243; _module_preset=&#8221;default&#8221; global_colors_info=&#8221;{}&#8221;]<span><span><a href=\"https:\/\/www.advantag.ca\/fr\/\">Accueil<\/a><\/span><\/span>[\/et_pb_code][et_pb_text _builder_version=&#8221;4.24.3&#8243; _module_preset=&#8221;_initial&#8221; header_font=&#8221;Outfit|700|||||||&#8221; header_text_align=&#8221;left&#8221; header_text_color=&#8221;#2A3466&#8243; header_font_size=&#8221;43px&#8221; header_letter_spacing=&#8221;0.03px&#8221; header_line_height=&#8221;1.2em&#8221; header_2_font=&#8221;Outfit|600|||||||&#8221; header_2_text_align=&#8221;left&#8221; header_2_text_color=&#8221;#2A3466&#8243; header_2_font_size=&#8221;31px&#8221; header_2_line_height=&#8221;1.2em&#8221; header_3_font=&#8221;Outfit|600|||||||&#8221; header_3_text_align=&#8221;left&#8221; header_3_text_color=&#8221;#2A3466&#8243; header_3_font_size=&#8221;29px&#8221; header_5_font=&#8221;Heebo|500|||||||&#8221; header_5_text_color=&#8221;#FFFFFF&#8221; header_5_font_size=&#8221;20px&#8221; header_5_line_height=&#8221;1.3em&#8221; text_orientation=&#8221;center&#8221; width=&#8221;100%&#8221; custom_margin=&#8221;-7px||-4px||false|false&#8221; custom_padding=&#8221;0px||0px|0px|false|false&#8221; header_5_font_size_tablet=&#8221;16px&#8221; header_5_font_size_phone=&#8221;14px&#8221; header_5_font_size_last_edited=&#8221;on|phone&#8221; global_colors_info=&#8221;{}&#8221;]<\/p>\n<h1>Laissez-nous faire la finition de vos \u00e9tiquettes<\/h1>\n<p>[\/et_pb_text][et_pb_text _builder_version=&#8221;4.24.3&#8243; _module_preset=&#8221;default&#8221; text_font=&#8221;Outfit|500|||||||&#8221; text_font_size=&#8221;17px&#8221; custom_padding=&#8221;18px|||||&#8221; global_colors_info=&#8221;{}&#8221;]<\/p>\n<p style=\"text-align: justify;\" class=\"translation-block\">Si vous imprimez des \u00e9tiquettes, <strong>notre division Domfile<\/strong> peut travailler en collaboration avec vous pour vous offrir diverses options de finition. Notre \u00e9quipement et l'\u00e9quipe destin\u00e9e \u00e0 la finition d'\u00e9tiquettes est en mesure de vous offrir une vari\u00e9t\u00e9 de possibilit\u00e9s telles que :<\/p>\n<p>- la pose de broche galvanis\u00e9e;<br \/>- la pose de corde \u00e9lastique ou de coton;<br \/>- la pose d\u2019attaches torsad\u00e9es;<br \/>- la pose de renfort de fibre brune (patch);<br \/>- la pose d\u2019\u0153illets.<\/p>\n<p>[\/et_pb_text][\/et_pb_column][\/et_pb_row][et_pb_row _builder_version=&#8221;4.24.3&#8243; _module_preset=&#8221;default&#8221; global_colors_info=&#8221;{}&#8221;][et_pb_column type=&#8221;4_4&#8243; _builder_version=&#8221;4.24.3&#8243; _module_preset=&#8221;default&#8221; global_colors_info=&#8221;{}&#8221;][et_pb_image src=&#8221;https:\/\/dev.advantag.ca\/wp-content\/uploads\/2025\/01\/DOMFILE_logo_1500x338px-min-3.png&#8221; title_text=&#8221;DOMFILE_logo_1500x338px-min&#8221; _builder_version=&#8221;4.27.4&#8243; _module_preset=&#8221;default&#8221; custom_margin=&#8221;-23px||-31px|-26px|false|false&#8221; global_colors_info=&#8221;{}&#8221;][\/et_pb_image][\/et_pb_column][\/et_pb_row][\/et_pb_section][et_pb_section fb_built=&#8221;1&#8243; admin_label=&#8221;Header&#8221; _builder_version=&#8221;4.24.3&#8243; _module_preset=&#8221;default&#8221; use_background_color_gradient=&#8221;on&#8221; background_color_gradient_direction=&#8221;178deg&#8221; background_color_gradient_stops=&#8221;#6f7171 0%|#ffffff 4%&#8221; custom_margin=&#8221;8px||||false|false&#8221; custom_padding=&#8221;0px||54px||false|false&#8221; collapsed=&#8221;on&#8221; global_colors_info=&#8221;{}&#8221;][et_pb_row column_structure=&#8221;2_5,3_5&#8243; _builder_version=&#8221;4.24.3&#8243; _module_preset=&#8221;default&#8221; custom_padding=&#8221;76px||0px|||&#8221; link_option_url=&#8221;\/holes-reinforcements\/&#8221; global_colors_info=&#8221;{}&#8221;][et_pb_column type=&#8221;2_5&#8243; _builder_version=&#8221;4.21.0&#8243; _module_preset=&#8221;default&#8221; global_colors_info=&#8221;{}&#8221;][et_pb_image src=&#8221;https:\/\/dev.advantag.ca\/wp-content\/uploads\/2024\/12\/EYELET_FIBERPATCH_1113x1113px-1.jpg&#8221; title_text=&#8221;EYELET_FIBERPATCH_1113x1113px&#8221; url=&#8221;\/holes-reinforcements\/&#8221; _builder_version=&#8221;4.24.3&#8243; _module_preset=&#8221;default&#8221; custom_margin=&#8221;||14px|||&#8221; global_colors_info=&#8221;{}&#8221;][\/et_pb_image][\/et_pb_column][et_pb_column type=&#8221;3_5&#8243; _builder_version=&#8221;4.24.3&#8243; _module_preset=&#8221;default&#8221; global_colors_info=&#8221;{}&#8221;][et_pb_text _builder_version=&#8221;4.24.3&#8243; _module_preset=&#8221;_initial&#8221; header_2_font=&#8221;Outfit|600|||||||&#8221; header_2_text_align=&#8221;left&#8221; header_2_text_color=&#8221;#2A3466&#8243; header_2_font_size=&#8221;31px&#8221; header_3_font=&#8221;Outfit|600|||||||&#8221; header_3_text_align=&#8221;left&#8221; header_3_text_color=&#8221;#2A3466&#8243; header_3_font_size=&#8221;11px&#8221; header_5_font=&#8221;Heebo|500|||||||&#8221; header_5_text_color=&#8221;#FFFFFF&#8221; header_5_font_size=&#8221;20px&#8221; header_5_line_height=&#8221;1.3em&#8221; text_orientation=&#8221;center&#8221; custom_margin=&#8221;-7px||11px||false|false&#8221; custom_padding=&#8221;0px||0px||false|false&#8221; header_5_font_size_tablet=&#8221;16px&#8221; header_5_font_size_phone=&#8221;14px&#8221; header_5_font_size_last_edited=&#8221;on|phone&#8221; global_colors_info=&#8221;{}&#8221;]<\/p>\n<h2>Pose de renfort et d'\u0153illets<\/h2>\n<p>[\/et_pb_text][et_pb_text _builder_version=&#8221;4.24.3&#8243; _module_preset=&#8221;default&#8221; text_font=&#8221;Outfit|500|||||||&#8221; text_font_size=&#8221;17px&#8221; custom_padding=&#8221;4px|||||&#8221; global_colors_info=&#8221;{}&#8221;]<\/p>\n<p>Cet ajout sur vos \u00e9tiquettes permettent de les renforcir pour les rendre plus durables. Plusieurs options sont disponibles, selon le type de mat\u00e9riel et selon vos besoins.<\/p>\n<p>[\/et_pb_text][et_pb_button button_url=&#8221;\/holes-reinforcements\/&#8221; button_text=&#8221;GET MORE DETAILS&#8221; button_alignment=&#8221;left&#8221; _builder_version=&#8221;4.24.3&#8243; _module_preset=&#8221;default&#8221; button_text_size=&#8221;19px&#8221; button_text_color=&#8221;#FFFFFF&#8221; button_bg_color=&#8221;#2a3466&#8243; button_border_width=&#8221;2px&#8221; button_border_color=&#8221;RGBA(255,255,255,0)&#8221; button_border_radius=&#8221;11px&#8221; button_letter_spacing=&#8221;1px&#8221; button_font=&#8221;Outfit|700|||||||&#8221; button_icon=&#8221;&#x41;||divi||400&#8243; button_icon_color=&#8221;#FFFFFF&#8221; transform_scale_tablet=&#8221;&#8221; transform_scale_phone=&#8221;&#8221; transform_scale_last_edited=&#8221;on|desktop&#8221; transform_translate_tablet=&#8221;&#8221; transform_translate_phone=&#8221;&#8221; transform_translate_last_edited=&#8221;on|desktop&#8221; transform_translate_linked=&#8221;off&#8221; transform_rotate_tablet=&#8221;&#8221; transform_rotate_phone=&#8221;&#8221; transform_rotate_last_edited=&#8221;on|desktop&#8221; transform_skew_tablet=&#8221;&#8221; transform_skew_phone=&#8221;&#8221; transform_skew_last_edited=&#8221;on|desktop&#8221; transform_origin_tablet=&#8221;&#8221; transform_origin_phone=&#8221;&#8221; transform_origin_last_edited=&#8221;on|desktop&#8221; transform_styles_last_edited=&#8221;on|desktop&#8221; custom_margin=&#8221;|||0px|false|false&#8221; custom_margin_tablet=&#8221;|||0px|false|false&#8221; custom_margin_phone=&#8221;||-23px||false|false&#8221; custom_margin_last_edited=&#8221;on|phone&#8221; custom_padding_tablet=&#8221;&#8221; custom_padding_phone=&#8221;&#8221; custom_padding_last_edited=&#8221;on|phone&#8221; animation_style=&#8221;slide&#8221; button_text_size_tablet=&#8221;19px&#8221; button_text_size_phone=&#8221;13px&#8221; button_text_size_last_edited=&#8221;on|phone&#8221; transform_styles_tablet=&#8221;&#8221; transform_styles_phone=&#8221;&#8221; button_text_shadow_style=&#8221;preset2&#8243; box_shadow_style=&#8221;preset2&#8243; locked=&#8221;off&#8221; global_colors_info=&#8221;{}&#8221; button_text_color__hover=&#8221;#FFFFFF&#8221; button_text_color__hover_enabled=&#8221;on|desktop&#8221;][\/et_pb_button][\/et_pb_column][\/et_pb_row][\/et_pb_section][et_pb_section fb_built=&#8221;1&#8243; admin_label=&#8221;Header&#8221; _builder_version=&#8221;4.24.3&#8243; _module_preset=&#8221;default&#8221; background_color=&#8221;#458ACA&#8221; use_background_color_gradient=&#8221;on&#8221; background_color_gradient_direction=&#8221;178deg&#8221; background_color_gradient_stops=&#8221;#6f7171 0%|#ffffff 4%&#8221; custom_margin=&#8221;8px||||false|false&#8221; custom_padding=&#8221;0px||54px||false|false&#8221; collapsed=&#8221;on&#8221; global_colors_info=&#8221;{}&#8221;][et_pb_row column_structure=&#8221;2_5,3_5&#8243; _builder_version=&#8221;4.21.0&#8243; _module_preset=&#8221;default&#8221; custom_padding=&#8221;76px||0px|||&#8221; global_colors_info=&#8221;{}&#8221;][et_pb_column type=&#8221;2_5&#8243; _builder_version=&#8221;4.21.0&#8243; _module_preset=&#8221;default&#8221; global_colors_info=&#8221;{}&#8221;][et_pb_image src=&#8221;https:\/\/dev.advantag.ca\/wp-content\/uploads\/2025\/01\/FINISHING_ATTACHEMENTS_1113pxX1113px.png&#8221; title_text=&#8221;FINISHING_ATTACHEMENTS_1113pxX1113px&#8221; url=&#8221;\/attachements\/&#8221; _builder_version=&#8221;4.24.3&#8243; _module_preset=&#8221;default&#8221; custom_margin=&#8221;||14px|||&#8221; global_colors_info=&#8221;{}&#8221;][\/et_pb_image][\/et_pb_column][et_pb_column type=&#8221;3_5&#8243; _builder_version=&#8221;4.24.3&#8243; _module_preset=&#8221;default&#8221; global_colors_info=&#8221;{}&#8221;][et_pb_text _builder_version=&#8221;4.27.4&#8243; _module_preset=&#8221;_initial&#8221; header_2_font=&#8221;Outfit|600|||||||&#8221; header_2_text_align=&#8221;left&#8221; header_2_text_color=&#8221;#2A3466&#8243; header_2_font_size=&#8221;31px&#8221; header_3_font=&#8221;Outfit|600|||||||&#8221; header_3_text_align=&#8221;left&#8221; header_3_text_color=&#8221;#2A3466&#8243; header_3_font_size=&#8221;11px&#8221; header_5_font=&#8221;Heebo|500|||||||&#8221; header_5_text_color=&#8221;#FFFFFF&#8221; header_5_font_size=&#8221;20px&#8221; header_5_line_height=&#8221;1.3em&#8221; text_orientation=&#8221;center&#8221; custom_margin=&#8221;-7px||11px||false|false&#8221; custom_padding=&#8221;0px||0px||false|false&#8221; header_5_font_size_tablet=&#8221;16px&#8221; header_5_font_size_phone=&#8221;14px&#8221; header_5_font_size_last_edited=&#8221;on|phone&#8221; global_colors_info=&#8221;{}&#8221;]<\/p>\n<h2>Ajout d'une attache<\/h2>\n<p>[\/et_pb_text][et_pb_text _builder_version=&#8221;4.24.3&#8243; _module_preset=&#8221;default&#8221; text_font=&#8221;Outfit|500|||||||&#8221; text_font_size=&#8221;17px&#8221; custom_padding=&#8221;4px|||||&#8221; global_colors_info=&#8221;{}&#8221;]<\/p>\n<p>Nous avons l'\u00e9quipement n\u00e9cessaire pour faire l'installation de diff\u00e9rentes attaches. Ainsi, cela vous permet de sauver un temps pr\u00e9cieux en rendant vos \u00e9tiquettes pr\u00eates \u00e0 utilisation.  <\/p>\n<p>[\/et_pb_text][et_pb_button button_url=&#8221;\/stringing-wiring\/&#8221; button_text=&#8221;GET MORE DETAILS&#8221; button_alignment=&#8221;left&#8221; _builder_version=&#8221;4.27.4&#8243; _module_preset=&#8221;default&#8221; button_text_size=&#8221;19px&#8221; button_text_color=&#8221;#FFFFFF&#8221; button_bg_color=&#8221;#2a3466&#8243; button_border_width=&#8221;2px&#8221; button_border_color=&#8221;RGBA(255,255,255,0)&#8221; button_border_radius=&#8221;11px&#8221; button_letter_spacing=&#8221;1px&#8221; button_font=&#8221;Outfit|700|||||||&#8221; button_icon=&#8221;&#x41;||divi||400&#8243; button_icon_color=&#8221;#FFFFFF&#8221; transform_scale_tablet=&#8221;&#8221; transform_scale_phone=&#8221;&#8221; transform_scale_last_edited=&#8221;on|desktop&#8221; transform_translate_tablet=&#8221;&#8221; transform_translate_phone=&#8221;&#8221; transform_translate_last_edited=&#8221;on|desktop&#8221; transform_translate_linked=&#8221;off&#8221; transform_rotate_tablet=&#8221;&#8221; transform_rotate_phone=&#8221;&#8221; transform_rotate_last_edited=&#8221;on|desktop&#8221; transform_skew_tablet=&#8221;&#8221; transform_skew_phone=&#8221;&#8221; transform_skew_last_edited=&#8221;on|desktop&#8221; transform_origin_tablet=&#8221;&#8221; transform_origin_phone=&#8221;&#8221; transform_origin_last_edited=&#8221;on|desktop&#8221; transform_styles_last_edited=&#8221;on|desktop&#8221; custom_margin=&#8221;|||0px|false|false&#8221; custom_margin_tablet=&#8221;|||0px|false|false&#8221; custom_margin_phone=&#8221;||-12px||false|false&#8221; custom_margin_last_edited=&#8221;on|phone&#8221; custom_padding_tablet=&#8221;&#8221; custom_padding_phone=&#8221;&#8221; custom_padding_last_edited=&#8221;on|phone&#8221; animation_style=&#8221;slide&#8221; hover_enabled=&#8221;0&#8243; button_text_size_tablet=&#8221;19px&#8221; button_text_size_phone=&#8221;13px&#8221; button_text_size_last_edited=&#8221;on|desktop&#8221; transform_styles_tablet=&#8221;&#8221; transform_styles_phone=&#8221;&#8221; button_text_shadow_style=&#8221;preset2&#8243; box_shadow_style=&#8221;preset2&#8243; locked=&#8221;off&#8221; global_colors_info=&#8221;{}&#8221; button_text_color__hover=&#8221;#FFFFFF&#8221; button_text_color__hover_enabled=&#8221;on|desktop&#8221; sticky_enabled=&#8221;0&#8243;][\/et_pb_button][\/et_pb_column][\/et_pb_row][\/et_pb_section][et_pb_section fb_built=&#8221;1&#8243; _builder_version=&#8221;4.24.3&#8243; _module_preset=&#8221;default&#8221; background_color=&#8221;#458ACA&#8221; custom_padding=&#8221;||42px|||&#8221; global_colors_info=&#8221;{}&#8221;][et_pb_row _builder_version=&#8221;4.24.3&#8243; _module_preset=&#8221;default&#8221; global_colors_info=&#8221;{}&#8221;][et_pb_column type=&#8221;4_4&#8243; _builder_version=&#8221;4.24.3&#8243; _module_preset=&#8221;default&#8221; global_colors_info=&#8221;{}&#8221;][et_pb_text _builder_version=&#8221;4.24.3&#8243; _module_preset=&#8221;default&#8221; header_2_font=&#8221;Outfit|600|||||||&#8221; header_2_text_align=&#8221;center&#8221; header_2_text_color=&#8221;#FFFFFF&#8221; header_2_font_size=&#8221;31px&#8221; header_3_font=&#8221;Outfit|600|||||||&#8221; header_3_text_align=&#8221;left&#8221; header_3_text_color=&#8221;#2A3466&#8243; header_3_font_size=&#8221;29px&#8221; header_5_font=&#8221;Heebo|500|||||||&#8221; header_5_text_color=&#8221;#FFFFFF&#8221; header_5_font_size=&#8221;20px&#8221; header_5_line_height=&#8221;1.3em&#8221; text_orientation=&#8221;center&#8221; custom_margin=&#8221;-7px||-4px||false|false&#8221; custom_padding=&#8221;0px||0px||false|false&#8221; header_5_font_size_tablet=&#8221;16px&#8221; header_5_font_size_phone=&#8221;14px&#8221; header_5_font_size_last_edited=&#8221;on|phone&#8221; global_colors_info=&#8221;{}&#8221;]<\/p>\n<h2>Faites une demande de soumission pour de la finition <\/h2>\n<p>[\/et_pb_text][et_pb_text _builder_version=&#8221;4.24.3&#8243; _module_preset=&#8221;default&#8221; text_font=&#8221;Outfit|500|||||||&#8221; text_text_color=&#8221;#FFFFFF&#8221; text_font_size=&#8221;17px&#8221; text_orientation=&#8221;center&#8221; custom_padding=&#8221;16px|||||&#8221; global_colors_info=&#8221;{}&#8221;]<\/p>\n<p class=\"translation-block\">Remplissez le formulaire en ligne en fournissant les d\u00e9tails de vos \u00e9tiquettes. La soumission pour vos \u00e9tiquettes sur mesure vous sera achemin\u00e9e par courriel dans un d\u00e9lai de 24 \u00e0 48 heures, ouvrables.<\/p>\n<p>[\/et_pb_text][et_pb_button button_url=&#8221;\/finishing-tag-quote&#8221; button_text=&#8221;REQUEST A QUOTE&#8221; button_alignment=&#8221;center&#8221; _builder_version=&#8221;4.24.3&#8243; _module_preset=&#8221;default&#8221; button_text_size=&#8221;19px&#8221; button_text_color=&#8221;#FFFFFF&#8221; button_bg_color=&#8221;#2a3466&#8243; button_border_width=&#8221;2px&#8221; button_border_color=&#8221;RGBA(255,255,255,0)&#8221; button_border_radius=&#8221;11px&#8221; button_letter_spacing=&#8221;1px&#8221; button_font=&#8221;Outfit|700|||||||&#8221; button_icon=&#8221;&#x41;||divi||400&#8243; button_icon_color=&#8221;#FFFFFF&#8221; transform_scale_tablet=&#8221;&#8221; transform_scale_phone=&#8221;&#8221; transform_scale_last_edited=&#8221;on|desktop&#8221; transform_translate_tablet=&#8221;&#8221; transform_translate_phone=&#8221;&#8221; transform_translate_last_edited=&#8221;on|desktop&#8221; transform_translate_linked=&#8221;off&#8221; transform_rotate_tablet=&#8221;&#8221; transform_rotate_phone=&#8221;&#8221; transform_rotate_last_edited=&#8221;on|desktop&#8221; transform_skew_tablet=&#8221;&#8221; transform_skew_phone=&#8221;&#8221; transform_skew_last_edited=&#8221;on|desktop&#8221; transform_origin_tablet=&#8221;&#8221; transform_origin_phone=&#8221;&#8221; transform_origin_last_edited=&#8221;on|desktop&#8221; transform_styles_last_edited=&#8221;on|desktop&#8221; custom_margin_tablet=&#8221;&#8221; custom_margin_phone=&#8221;||-29px||false|false&#8221; custom_margin_last_edited=&#8221;on|phone&#8221; animation_style=&#8221;slide&#8221; button_text_size_tablet=&#8221;19px&#8221; button_text_size_phone=&#8221;13px&#8221; button_text_size_last_edited=&#8221;on|desktop&#8221; transform_styles_tablet=&#8221;&#8221; transform_styles_phone=&#8221;&#8221; button_text_shadow_style=&#8221;preset2&#8243; box_shadow_style=&#8221;preset2&#8243; locked=&#8221;off&#8221; global_colors_info=&#8221;{}&#8221; button_text_color__hover=&#8221;#FFFFFF&#8221; button_text_color__hover_enabled=&#8221;on|desktop&#8221;][\/et_pb_button][\/et_pb_column][\/et_pb_row][\/et_pb_section]<\/p>","protected":false},"excerpt":{"rendered":"<p><span><span><a href=\"https:\/\/www.advantag.ca\/fr\/\">Accueil<\/a><\/span><\/span>We can work with you to finish your tagsIf you print or have cards you need converted to tags we can work with you to complete your project.Our finishing division, Domfile, has a multitude of options. These include but are not limited to : &#8211; pre wiring your tags- stringing your tags with various strings [&hellip;]<\/p>","protected":false},"author":1,"featured_media":0,"parent":0,"menu_order":0,"comment_status":"closed","ping_status":"closed","template":"","meta":{"_et_pb_use_builder":"on","_et_pb_old_content":"","_et_gb_content_width":"","footnotes":""},"class_list":["post-46","page","type-page","status-publish","hentry"],"yoast_head":"<!-- This site is optimized with the Yoast SEO plugin v26.5 - https:\/\/yoast.com\/wordpress\/plugins\/seo\/ -->\n<title>Tag Finishing - Advantag Canada<\/title>\n<meta name=\"robots\" content=\"index, follow, max-snippet:-1, max-image-preview:large, max-video-preview:-1\" \/>\n<link rel=\"canonical\" href=\"https:\/\/dev.advantag.ca\/tag-finishing\/\" \/>\n<meta property=\"og:locale\" content=\"fr_CA\" \/>\n<meta property=\"og:type\" content=\"article\" \/>\n<meta property=\"og:title\" content=\"Tag Finishing - Advantag Canada\" \/>\n<meta property=\"og:description\" content=\"We can work with you to finish your tagsIf you print or have cards you need converted to tags we can work with you to complete your project.Our finishing division, Domfile, has a multitude of options. These include but are not limited to : - pre wiring your tags- stringing your tags with various strings [&hellip;]\" \/>\n<meta property=\"og:url\" content=\"https:\/\/dev.advantag.ca\/tag-finishing\/\" \/>\n<meta property=\"og:site_name\" content=\"Advantag Canada\" \/>\n<meta property=\"article:modified_time\" content=\"2025-02-18T16:57:21+00:00\" \/>\n<meta name=\"twitter:card\" content=\"summary_large_image\" \/>\n<meta name=\"twitter:label1\" content=\"Estimation du temps de lecture\" \/>\n\t<meta name=\"twitter:data1\" content=\"9 minutes\" \/>\n<script type=\"application\/ld+json\" class=\"yoast-schema-graph\">{\"@context\":\"https:\/\/schema.org\",\"@graph\":[{\"@type\":\"WebPage\",\"@id\":\"https:\/\/dev.advantag.ca\/tag-finishing\/\",\"url\":\"https:\/\/dev.advantag.ca\/tag-finishing\/\",\"name\":\"Tag Finishing - Advantag Canada\",\"isPartOf\":{\"@id\":\"https:\/\/www.advantag.ca\/#website\"},\"datePublished\":\"2024-03-27T13:55:38+00:00\",\"dateModified\":\"2025-02-18T16:57:21+00:00\",\"breadcrumb\":{\"@id\":\"https:\/\/dev.advantag.ca\/tag-finishing\/#breadcrumb\"},\"inLanguage\":\"fr-CA\",\"potentialAction\":[{\"@type\":\"ReadAction\",\"target\":[\"https:\/\/dev.advantag.ca\/tag-finishing\/\"]}]},{\"@type\":\"BreadcrumbList\",\"@id\":\"https:\/\/dev.advantag.ca\/tag-finishing\/#breadcrumb\",\"itemListElement\":[{\"@type\":\"ListItem\",\"position\":1,\"name\":\"Accueil\",\"item\":\"https:\/\/www.advantag.ca\/\"},{\"@type\":\"ListItem\",\"position\":2,\"name\":\"Tag Finishing\"}]},{\"@type\":\"WebSite\",\"@id\":\"https:\/\/www.advantag.ca\/#website\",\"url\":\"https:\/\/www.advantag.ca\/\",\"name\":\"Advantag Canada\",\"description\":\"Canadian Tag Manufacturer\",\"potentialAction\":[{\"@type\":\"SearchAction\",\"target\":{\"@type\":\"EntryPoint\",\"urlTemplate\":\"https:\/\/www.advantag.ca\/?s={search_term_string}\"},\"query-input\":{\"@type\":\"PropertyValueSpecification\",\"valueRequired\":true,\"valueName\":\"search_term_string\"}}],\"inLanguage\":\"fr-CA\"}]}<\/script>\n<!-- \/ Yoast SEO plugin. -->","yoast_head_json":{"title":"Tag Finishing - Advantag Canada","robots":{"index":"index","follow":"follow","max-snippet":"max-snippet:-1","max-image-preview":"max-image-preview:large","max-video-preview":"max-video-preview:-1"},"canonical":"https:\/\/dev.advantag.ca\/tag-finishing\/","og_locale":"fr_CA","og_type":"article","og_title":"Tag Finishing - Advantag Canada","og_description":"We can work with you to finish your tagsIf you print or have cards you need converted to tags we can work with you to complete your project.Our finishing division, Domfile, has a multitude of options. These include but are not limited to : - pre wiring your tags- stringing your tags with various strings [&hellip;]","og_url":"https:\/\/dev.advantag.ca\/tag-finishing\/","og_site_name":"Advantag Canada","article_modified_time":"2025-02-18T16:57:21+00:00","twitter_card":"summary_large_image","twitter_misc":{"Estimation du temps de lecture":"9 minutes"},"schema":{"@context":"https:\/\/schema.org","@graph":[{"@type":"WebPage","@id":"https:\/\/dev.advantag.ca\/tag-finishing\/","url":"https:\/\/dev.advantag.ca\/tag-finishing\/","name":"Tag Finishing - Advantag Canada","isPartOf":{"@id":"https:\/\/www.advantag.ca\/#website"},"datePublished":"2024-03-27T13:55:38+00:00","dateModified":"2025-02-18T16:57:21+00:00","breadcrumb":{"@id":"https:\/\/dev.advantag.ca\/tag-finishing\/#breadcrumb"},"inLanguage":"fr-CA","potentialAction":[{"@type":"ReadAction","target":["https:\/\/dev.advantag.ca\/tag-finishing\/"]}]},{"@type":"BreadcrumbList","@id":"https:\/\/dev.advantag.ca\/tag-finishing\/#breadcrumb","itemListElement":[{"@type":"ListItem","position":1,"name":"Accueil","item":"https:\/\/www.advantag.ca\/"},{"@type":"ListItem","position":2,"name":"Tag Finishing"}]},{"@type":"WebSite","@id":"https:\/\/www.advantag.ca\/#website","url":"https:\/\/www.advantag.ca\/","name":"Advantag Canada","description":"Canadian Tag Manufacturer","potentialAction":[{"@type":"SearchAction","target":{"@type":"EntryPoint","urlTemplate":"https:\/\/www.advantag.ca\/?s={search_term_string}"},"query-input":{"@type":"PropertyValueSpecification","valueRequired":true,"valueName":"search_term_string"}}],"inLanguage":"fr-CA"}]}},"_links":{"self":[{"href":"https:\/\/www.advantag.ca\/fr\/wp-json\/wp\/v2\/pages\/46","targetHints":{"allow":["GET"]}}],"collection":[{"href":"https:\/\/www.advantag.ca\/fr\/wp-json\/wp\/v2\/pages"}],"about":[{"href":"https:\/\/www.advantag.ca\/fr\/wp-json\/wp\/v2\/types\/page"}],"author":[{"embeddable":true,"href":"https:\/\/www.advantag.ca\/fr\/wp-json\/wp\/v2\/users\/1"}],"replies":[{"embeddable":true,"href":"https:\/\/www.advantag.ca\/fr\/wp-json\/wp\/v2\/comments?post=46"}],"version-history":[{"count":24,"href":"https:\/\/www.advantag.ca\/fr\/wp-json\/wp\/v2\/pages\/46\/revisions"}],"predecessor-version":[{"id":2564,"href":"https:\/\/www.advantag.ca\/fr\/wp-json\/wp\/v2\/pages\/46\/revisions\/2564"}],"wp:attachment":[{"href":"https:\/\/www.advantag.ca\/fr\/wp-json\/wp\/v2\/media?parent=46"}],"curies":[{"name":"wp","href":"https:\/\/api.w.org\/{rel}","templated":true}]}}