{"id":56,"date":"2024-03-27T13:57:43","date_gmt":"2024-03-27T13:57:43","guid":{"rendered":"https:\/\/dev.advantag.ca\/?page_id=56"},"modified":"2025-02-20T15:07:50","modified_gmt":"2025-02-20T15:07:50","slug":"standard-sizes","status":"publish","type":"page","link":"https:\/\/www.advantag.ca\/fr\/custom-tags\/standard-sizes\/","title":{"rendered":"Formats d'\u00e9tiquettes"},"content":{"rendered":"<p>[et_pb_section fb_built=&#8221;1&#8243; admin_label=&#8221;About&#8221; _builder_version=&#8221;4.27.4&#8243; _module_preset=&#8221;default&#8221; background_color=&#8221;#FFFFFF&#8221; min_height=&#8221;100px&#8221; height=&#8221;126px&#8221; max_height=&#8221;203px&#8221; custom_padding=&#8221;54px||93px||false|false&#8221; collapsed=&#8221;off&#8221; global_colors_info=&#8221;{}&#8221;][et_pb_row _builder_version=&#8221;4.27.4&#8243; _module_preset=&#8221;default&#8221; custom_margin=&#8221;-46px||||false|false&#8221; custom_padding=&#8221;||0px|||&#8221; global_colors_info=&#8221;{}&#8221;][et_pb_column type=&#8221;4_4&#8243; _builder_version=&#8221;4.27.4&#8243; _module_preset=&#8221;default&#8221; global_colors_info=&#8221;{}&#8221;][et_pb_code _builder_version=&#8221;4.27.4&#8243; _module_preset=&#8221;default&#8221; global_colors_info=&#8221;{}&#8221;]<span><span><a href=\"https:\/\/www.advantag.ca\/fr\/\">Accueil<\/a><\/span><\/span>[\/et_pb_code][\/et_pb_column][\/et_pb_row][\/et_pb_section][et_pb_section fb_built=&#8221;1&#8243; admin_label=&#8221;Header&#8221; _builder_version=&#8221;4.24.3&#8243; _module_preset=&#8221;default&#8221; background_color=&#8221;#FFFFFF&#8221; use_background_color_gradient=&#8221;on&#8221; background_color_gradient_direction=&#8221;1deg&#8221; background_color_gradient_stops=&#8221;rgba(43,43,43,0.37) 0%|rgba(255,255,255,0.83) 6%&#8221; background_color_gradient_overlays_image=&#8221;on&#8221; background_enable_image=&#8221;off&#8221; custom_padding=&#8221;0vw||71px||false|false&#8221; collapsed=&#8221;off&#8221; global_colors_info=&#8221;{}&#8221;][et_pb_row _builder_version=&#8221;4.24.3&#8243; _module_preset=&#8221;default&#8221; custom_padding=&#8221;||0px||false|false&#8221; global_colors_info=&#8221;{}&#8221;][et_pb_column type=&#8221;4_4&#8243; _builder_version=&#8221;4.24.3&#8243; _module_preset=&#8221;default&#8221; global_colors_info=&#8221;{}&#8221;][et_pb_text _builder_version=&#8221;4.27.4&#8243; _module_preset=&#8221;_initial&#8221; text_font=&#8221;Outfit||||||||&#8221; text_text_color=&#8221;#2A3466&#8243; text_font_size=&#8221;18px&#8221; text_line_height=&#8221;1.8em&#8221; header_font=&#8221;Outfit|700|||||||&#8221; header_text_color=&#8221;#2A3466&#8243; header_font_size=&#8221;43px&#8221; header_letter_spacing=&#8221;0.03px&#8221; header_line_height=&#8221;1.2em&#8221; header_2_font=&#8221;Outfit|600|||||||&#8221; width=&#8221;100%&#8221; max_width=&#8221;100%&#8221; module_alignment=&#8221;right&#8221; custom_margin=&#8221;-78px|0px|6px|0px|false|false&#8221; custom_padding=&#8221;0px|0px|0px|0px|false|false&#8221; text_font_size_tablet=&#8221;15px&#8221; text_font_size_phone=&#8221;14px&#8221; text_font_size_last_edited=&#8221;on|desktop&#8221; global_colors_info=&#8221;{}&#8221;]<\/p>\n<h1>Quels formats d'\u00e9tiquettes choisir?<\/h1>\n<p>[\/et_pb_text][et_pb_text _builder_version=&#8221;4.24.3&#8243; _module_preset=&#8221;default&#8221; text_font=&#8221;Outfit|500|||||||&#8221; text_font_size=&#8221;17px&#8221; header_font=&#8221;Outfit|500|||||||&#8221; global_colors_info=&#8221;{}&#8221;]<\/p>\n<p>Vos \u00e9tiquettes peuvent \u00eatre produites en se basant sur 8 formats standard.<\/p>\n<p>[\/et_pb_text][\/et_pb_column][\/et_pb_row][et_pb_row column_structure=&#8221;2_5,3_5&#8243; _builder_version=&#8221;4.21.0&#8243; _module_preset=&#8221;default&#8221; custom_padding=&#8221;||0px|||&#8221; global_colors_info=&#8221;{}&#8221;][et_pb_column type=&#8221;2_5&#8243; _builder_version=&#8221;4.21.0&#8243; _module_preset=&#8221;default&#8221; global_colors_info=&#8221;{}&#8221;][et_pb_text _builder_version=&#8221;4.27.4&#8243; _module_preset=&#8221;default&#8221; text_font=&#8221;Outfit|500|||||||&#8221; text_font_size=&#8221;17px&#8221; text_orientation=&#8221;justified&#8221; global_colors_info=&#8221;{}&#8221;]<\/p>\n<p># 1 &#8211; 2.75&#8221; X 1.375&#8221;<br \/># 2 &#8211; 3.25&#8221; X 1.625&#8221;<br \/># 3 &#8211; 3.75&#8221; X 1.875&#8221;<br \/># 4 &#8211; 4.25&#8221; X 2.125&#8221;<br \/># 5 &#8211; 4.75&#8221; X 2.375&#8221;<br \/># 6 &#8211; 5.25&#8221; X 2.625&#8221;<br \/># 7 &#8211; 5.75&#8221; X 2.875&#8221;<br \/># 8 &#8211; 6.25&#8221; X 3.125&#8221;<\/p>\n<p>Vous aimeriez avoir un format sp\u00e9cifique sur mesure pour r\u00e9pondre \u00e0 vos besoins? Nous pouvons le faire pour vous.<\/p>\n<p>Dans notre soumission, nous nous r\u00e9servons le droit de vous proposer aussi le prix d'un format standard si l'un d'eux se rapproche de votre format sur mesure. Comme ce sont des formats r\u00e9guliers, le prix est souvent plus avantageux pour vous.<\/p>\n<p>[\/et_pb_text][\/et_pb_column][et_pb_column type=&#8221;3_5&#8243; _builder_version=&#8221;4.21.0&#8243; _module_preset=&#8221;default&#8221; global_colors_info=&#8221;{}&#8221;][et_pb_image src=&#8221;https:\/\/dev.advantag.ca\/wp-content\/uploads\/2024\/12\/TAG_SIZES_1200x700px-min.png&#8221; title_text=&#8221;TAG_SIZES_1200x700px-min&#8221; _builder_version=&#8221;4.24.3&#8243; _module_preset=&#8221;default&#8221; global_colors_info=&#8221;{}&#8221;][\/et_pb_image][\/et_pb_column][\/et_pb_row][\/et_pb_section][et_pb_section fb_built=&#8221;1&#8243; admin_label=&#8221;Header&#8221; _builder_version=&#8221;4.24.3&#8243; _module_preset=&#8221;default&#8221; background_color=&#8221;#FFFFFF&#8221; background_enable_image=&#8221;off&#8221; min_height=&#8221;434.7px&#8221; custom_margin=&#8221;||-29px|||&#8221; custom_padding=&#8221;0vw||107px||false|false&#8221; collapsed=&#8221;on&#8221; global_colors_info=&#8221;{}&#8221;][et_pb_row _builder_version=&#8221;4.21.0&#8243; _module_preset=&#8221;default&#8221; custom_padding=&#8221;76px||0px|||&#8221; global_colors_info=&#8221;{}&#8221;][et_pb_column type=&#8221;4_4&#8243; _builder_version=&#8221;4.21.0&#8243; _module_preset=&#8221;default&#8221; global_colors_info=&#8221;{}&#8221;][et_pb_text _builder_version=&#8221;4.27.4&#8243; _module_preset=&#8221;_initial&#8221; header_2_font=&#8221;Outfit|600|||||||&#8221; header_2_text_align=&#8221;left&#8221; header_2_text_color=&#8221;#2A3466&#8243; header_2_font_size=&#8221;31px&#8221; header_2_line_height=&#8221;1.3em&#8221; header_3_font=&#8221;Outfit|600|||||||&#8221; header_3_text_align=&#8221;left&#8221; header_3_text_color=&#8221;#2A3466&#8243; header_3_font_size=&#8221;29px&#8221; header_5_font=&#8221;Heebo|500|||||||&#8221; header_5_text_color=&#8221;#FFFFFF&#8221; header_5_font_size=&#8221;20px&#8221; header_5_line_height=&#8221;1.3em&#8221; text_orientation=&#8221;center&#8221; custom_margin=&#8221;1px||-4px||false|false&#8221; custom_padding=&#8221;0px||0px||false|false&#8221; header_5_font_size_tablet=&#8221;16px&#8221; header_5_font_size_phone=&#8221;14px&#8221; header_5_font_size_last_edited=&#8221;on|phone&#8221; global_colors_info=&#8221;{}&#8221;]<\/p>\n<h2 class=\"translation-block\">Quels sont les formats les plus imprim\u00e9s?<\/h2>\n<p>[\/et_pb_text][et_pb_text _builder_version=&#8221;4.24.3&#8243; _module_preset=&#8221;default&#8221; text_font=&#8221;Outfit|500|||||||&#8221; text_font_size=&#8221;17px&#8221; custom_padding=&#8221;16px|||||&#8221; global_colors_info=&#8221;{}&#8221;]<\/p>\n<p>Les formats les plus populaires sont le #5 et le #8. C'est ce que nous vendons le plus r\u00e9guli\u00e8rement. Ils ont amplement d'espace pour vous permettre d'\u00e9crire \u00e0 l'aide d'un crayon permanent ou pour faire une impression personnalis\u00e9e de plus grande taille.<\/p>\n<p>[\/et_pb_text][\/et_pb_column][\/et_pb_row][et_pb_row _builder_version=&#8221;4.24.3&#8243; _module_preset=&#8221;default&#8221; global_colors_info=&#8221;{}&#8221;][et_pb_column type=&#8221;4_4&#8243; _builder_version=&#8221;4.24.3&#8243; _module_preset=&#8221;default&#8221; global_colors_info=&#8221;{}&#8221;][et_pb_divider color=&#8221;#2A3466&#8243; divider_position=&#8221;bottom&#8221; divider_weight=&#8221;1px&#8221; _builder_version=&#8221;4.24.3&#8243; _module_preset=&#8221;default&#8221; custom_margin=&#8221;31px||||false|false&#8221; global_colors_info=&#8221;{}&#8221;][\/et_pb_divider][\/et_pb_column][\/et_pb_row][et_pb_row column_structure=&#8221;1_2,1_2&#8243; _builder_version=&#8221;4.24.3&#8243; _module_preset=&#8221;default&#8221; custom_padding=&#8221;50px||0px||false|false&#8221; global_colors_info=&#8221;{}&#8221;][et_pb_column type=&#8221;1_2&#8243; _builder_version=&#8221;4.21.0&#8243; _module_preset=&#8221;default&#8221; global_colors_info=&#8221;{}&#8221;][et_pb_text _builder_version=&#8221;4.24.3&#8243; _module_preset=&#8221;_initial&#8221; header_2_font=&#8221;Outfit|600|||||||&#8221; header_2_text_align=&#8221;left&#8221; header_2_text_color=&#8221;#2A3466&#8243; header_2_font_size=&#8221;31px&#8221; header_2_line_height=&#8221;1.3em&#8221; header_3_font=&#8221;Outfit|600|||||||&#8221; header_3_text_align=&#8221;left&#8221; header_3_text_color=&#8221;#2A3466&#8243; header_3_font_size=&#8221;29px&#8221; header_5_font=&#8221;Heebo|500|||||||&#8221; header_5_text_color=&#8221;#FFFFFF&#8221; header_5_font_size=&#8221;20px&#8221; header_5_line_height=&#8221;1.3em&#8221; text_orientation=&#8221;center&#8221; custom_margin=&#8221;1px||-4px||false|false&#8221; custom_padding=&#8221;0px||0px||false|false&#8221; header_5_font_size_tablet=&#8221;16px&#8221; header_5_font_size_phone=&#8221;14px&#8221; header_5_font_size_last_edited=&#8221;on|phone&#8221; global_colors_info=&#8221;{}&#8221;]<\/p>\n<h2 style=\"text-align: right;\" class=\"translation-block\">Sur quel mat\u00e9riel peut-on <br>imprimer nos \u00e9tiquettes?<\/h2>\n<p>[\/et_pb_text][et_pb_text _builder_version=&#8221;4.24.3&#8243; _module_preset=&#8221;default&#8221; text_font=&#8221;Outfit|500|||||||&#8221; text_font_size=&#8221;17px&#8221; custom_padding=&#8221;16px|||||&#8221; global_colors_info=&#8221;{}&#8221;]<\/p>\n<p style=\"text-align: right;\">Plusieurs types de carton et mat\u00e9riel sont disponibles pour la fabrication personnalis\u00e9e de vos tags. Apprenez-en plus sur les diff\u00e9rentes mati\u00e8res disponibles pour effectuer votre demande de soumission.<\/p>\n<p>[\/et_pb_text][et_pb_button button_url=&#8221;\/materials\/&#8221; button_text=&#8221;LEARN MORE&#8221; button_alignment=&#8221;right&#8221; _builder_version=&#8221;4.27.4&#8243; _module_preset=&#8221;default&#8221; button_text_size=&#8221;19px&#8221; button_text_color=&#8221;#FFFFFF&#8221; button_bg_color=&#8221;#2a3466&#8243; button_border_width=&#8221;2px&#8221; button_border_color=&#8221;RGBA(255,255,255,0)&#8221; button_border_radius=&#8221;11px&#8221; button_letter_spacing=&#8221;1px&#8221; button_font=&#8221;Outfit|700|||||||&#8221; button_icon=&#8221;&#x41;||divi||400&#8243; button_icon_color=&#8221;#FFFFFF&#8221; button_on_hover=&#8221;off&#8221; transform_scale_tablet=&#8221;&#8221; transform_scale_phone=&#8221;&#8221; transform_scale_last_edited=&#8221;on|desktop&#8221; transform_translate_tablet=&#8221;&#8221; transform_translate_phone=&#8221;&#8221; transform_translate_last_edited=&#8221;on|desktop&#8221; transform_translate_linked=&#8221;off&#8221; transform_rotate_tablet=&#8221;&#8221; transform_rotate_phone=&#8221;&#8221; transform_rotate_last_edited=&#8221;on|desktop&#8221; transform_skew_tablet=&#8221;&#8221; transform_skew_phone=&#8221;&#8221; transform_skew_last_edited=&#8221;on|desktop&#8221; transform_origin_tablet=&#8221;&#8221; transform_origin_phone=&#8221;&#8221; transform_origin_last_edited=&#8221;on|desktop&#8221; transform_styles_last_edited=&#8221;on|desktop&#8221; hover_enabled=&#8221;0&#8243; button_text_size_tablet=&#8221;19px&#8221; button_text_size_phone=&#8221;19px&#8221; button_text_size_last_edited=&#8221;on|desktop&#8221; transform_styles_tablet=&#8221;&#8221; transform_styles_phone=&#8221;&#8221; button_text_shadow_style=&#8221;preset2&#8243; box_shadow_style=&#8221;preset2&#8243; locked=&#8221;off&#8221; global_colors_info=&#8221;{}&#8221; button_text_color__hover=&#8221;#FFFFFF&#8221; button_text_color__hover_enabled=&#8221;on|desktop&#8221; sticky_enabled=&#8221;0&#8243;][\/et_pb_button][\/et_pb_column][et_pb_column type=&#8221;1_2&#8243; _builder_version=&#8221;4.21.0&#8243; _module_preset=&#8221;default&#8221; global_colors_info=&#8221;{}&#8221;][et_pb_image src=&#8221;https:\/\/dev.advantag.ca\/wp-content\/uploads\/2024\/12\/Custom_TAGS-1113x1113px-min.png&#8221; title_text=&#8221;Custom_TAGS-1113x1113px-min&#8221; url=&#8221;\/materials\/&#8221; _builder_version=&#8221;4.24.3&#8243; _module_preset=&#8221;default&#8221; global_colors_info=&#8221;{}&#8221;][\/et_pb_image][\/et_pb_column][\/et_pb_row][\/et_pb_section][et_pb_section fb_built=&#8221;1&#8243; _builder_version=&#8221;4.24.3&#8243; _module_preset=&#8221;default&#8221; use_background_color_gradient=&#8221;on&#8221; background_color_gradient_direction=&#8221;178deg&#8221; background_color_gradient_stops=&#8221;#6f7171 0%|#ffffff 13%&#8221; custom_padding=&#8221;||42px|||&#8221; global_colors_info=&#8221;{}&#8221;][et_pb_row _builder_version=&#8221;4.24.3&#8243; _module_preset=&#8221;default&#8221; global_colors_info=&#8221;{}&#8221;][et_pb_column type=&#8221;4_4&#8243; _builder_version=&#8221;4.24.3&#8243; _module_preset=&#8221;default&#8221; global_colors_info=&#8221;{}&#8221;][et_pb_text _builder_version=&#8221;4.24.3&#8243; _module_preset=&#8221;default&#8221; header_2_font=&#8221;Outfit|600|||||||&#8221; header_2_text_align=&#8221;center&#8221; header_2_text_color=&#8221;#2A3466&#8243; header_2_font_size=&#8221;31px&#8221; header_3_font=&#8221;Outfit|600|||||||&#8221; header_3_text_align=&#8221;left&#8221; header_3_text_color=&#8221;#2A3466&#8243; header_3_font_size=&#8221;29px&#8221; header_5_font=&#8221;Heebo|500|||||||&#8221; header_5_text_color=&#8221;#FFFFFF&#8221; header_5_font_size=&#8221;20px&#8221; header_5_line_height=&#8221;1.3em&#8221; text_orientation=&#8221;center&#8221; custom_margin=&#8221;-7px||-4px||false|false&#8221; custom_padding=&#8221;0px||0px||false|false&#8221; header_5_font_size_tablet=&#8221;16px&#8221; header_5_font_size_phone=&#8221;14px&#8221; header_5_font_size_last_edited=&#8221;on|phone&#8221; global_colors_info=&#8221;{}&#8221;]<\/p>\n<h2>Besoin d'une soumission?<\/h2>\n<p>[\/et_pb_text][et_pb_text _builder_version=&#8221;4.24.3&#8243; _module_preset=&#8221;default&#8221; text_font=&#8221;Outfit|500|||||||&#8221; text_font_size=&#8221;17px&#8221; text_orientation=&#8221;center&#8221; custom_padding=&#8221;16px|||||&#8221; global_colors_info=&#8221;{}&#8221;]<\/p>\n<p class=\"translation-block\">Remplissez le formulaire en ligne en fournissant les d\u00e9tails de vos \u00e9tiquettes. La soumission pour vos \u00e9tiquettes sur mesure vous sera achemin\u00e9e par courriel dans un d\u00e9lai de 24 \u00e0 48 heures, ouvrables.<\/p>\n<p>[\/et_pb_text][et_pb_button button_url=&#8221;\/request-free-quote\/&#8221; button_text=&#8221;REQUEST A QUOTE&#8221; button_alignment=&#8221;center&#8221; _builder_version=&#8221;4.27.4&#8243; _module_preset=&#8221;default&#8221; button_text_size=&#8221;19px&#8221; button_text_color=&#8221;#FFFFFF&#8221; button_bg_color=&#8221;#2a3466&#8243; button_border_width=&#8221;2px&#8221; button_border_color=&#8221;RGBA(255,255,255,0)&#8221; button_border_radius=&#8221;11px&#8221; button_letter_spacing=&#8221;1px&#8221; button_font=&#8221;Outfit|700|||||||&#8221; button_icon=&#8221;&#x41;||divi||400&#8243; button_icon_color=&#8221;#FFFFFF&#8221; button_on_hover=&#8221;off&#8221; transform_scale_tablet=&#8221;&#8221; transform_scale_phone=&#8221;&#8221; transform_scale_last_edited=&#8221;on|desktop&#8221; transform_translate_tablet=&#8221;&#8221; transform_translate_phone=&#8221;&#8221; transform_translate_last_edited=&#8221;on|desktop&#8221; transform_translate_linked=&#8221;off&#8221; transform_rotate_tablet=&#8221;&#8221; transform_rotate_phone=&#8221;&#8221; transform_rotate_last_edited=&#8221;on|desktop&#8221; transform_skew_tablet=&#8221;&#8221; transform_skew_phone=&#8221;&#8221; transform_skew_last_edited=&#8221;on|desktop&#8221; transform_origin_tablet=&#8221;&#8221; transform_origin_phone=&#8221;&#8221; transform_origin_last_edited=&#8221;on|desktop&#8221; transform_styles_last_edited=&#8221;on|desktop&#8221; hover_enabled=&#8221;0&#8243; button_text_size_tablet=&#8221;19px&#8221; button_text_size_phone=&#8221;19px&#8221; button_text_size_last_edited=&#8221;on|desktop&#8221; transform_styles_tablet=&#8221;&#8221; transform_styles_phone=&#8221;&#8221; button_text_shadow_style=&#8221;preset2&#8243; box_shadow_style=&#8221;preset2&#8243; locked=&#8221;off&#8221; global_colors_info=&#8221;{}&#8221; button_text_color__hover=&#8221;#FFFFFF&#8221; button_text_color__hover_enabled=&#8221;on|desktop&#8221; sticky_enabled=&#8221;0&#8243;][\/et_pb_button][\/et_pb_column][\/et_pb_row][\/et_pb_section]<\/p>","protected":false},"excerpt":{"rendered":"<p><span><span><a href=\"https:\/\/www.advantag.ca\/fr\/\">Accueil<\/a><\/span><\/span>What sizes can my tags be?To simplify, streamline, and be the most cost effective, our tags are offered in 8 standard sizes;# 1 &#8211; 2.75&#8221; X 1.375&#8221;# 2 &#8211; 3.25&#8221; X 1.625&#8221;# 3 &#8211; 3.75&#8221; X 1.875&#8221;# 4 &#8211; 4.25&#8221; X 2.125&#8221;# 5 &#8211; 4.75&#8221; X 2.375&#8221;# 6 &#8211; 5.25&#8221; X 2.625&#8221;# 7 &#8211; 5.75&#8221; [&hellip;]<\/p>","protected":false},"author":1,"featured_media":0,"parent":39,"menu_order":0,"comment_status":"closed","ping_status":"closed","template":"","meta":{"_et_pb_use_builder":"on","_et_pb_old_content":"<!-- wp:divi\/placeholder \/-->","_et_gb_content_width":"","footnotes":""},"class_list":["post-56","page","type-page","status-publish","hentry"],"yoast_head":"<!-- This site is optimized with the Yoast SEO plugin v26.5 - https:\/\/yoast.com\/wordpress\/plugins\/seo\/ -->\n<title>Tag Sizes - Advantag Canada<\/title>\n<meta name=\"robots\" content=\"index, follow, max-snippet:-1, max-image-preview:large, max-video-preview:-1\" \/>\n<link rel=\"canonical\" href=\"https:\/\/www.advantag.ca\/fr\/custom-tags\/standard-sizes\/\" \/>\n<meta property=\"og:locale\" content=\"fr_CA\" \/>\n<meta property=\"og:type\" content=\"article\" \/>\n<meta property=\"og:title\" content=\"Tag Sizes - Advantag Canada\" \/>\n<meta property=\"og:description\" content=\"What sizes can my tags be?To simplify, streamline, and be the most cost effective, our tags are offered in 8 standard sizes;# 1 - 2.75&#039;&#039; X 1.375&#039;&#039;# 2 - 3.25&#039;&#039; X 1.625&#039;&#039;# 3 - 3.75&#039;&#039; X 1.875&#039;&#039;# 4 - 4.25&#039;&#039; X 2.125&#039;&#039;# 5 - 4.75&#039;&#039; X 2.375&#039;&#039;# 6 - 5.25&#039;&#039; X 2.625&#039;&#039;# 7 - 5.75&#039;&#039; [&hellip;]\" \/>\n<meta property=\"og:url\" content=\"https:\/\/www.advantag.ca\/fr\/custom-tags\/standard-sizes\/\" \/>\n<meta property=\"og:site_name\" content=\"Advantag Canada\" \/>\n<meta property=\"article:modified_time\" content=\"2025-02-20T15:07:50+00:00\" \/>\n<meta name=\"twitter:card\" content=\"summary_large_image\" \/>\n<meta name=\"twitter:label1\" content=\"Estimation du temps de lecture\" \/>\n\t<meta name=\"twitter:data1\" content=\"8 minutes\" \/>\n<script type=\"application\/ld+json\" class=\"yoast-schema-graph\">{\"@context\":\"https:\/\/schema.org\",\"@graph\":[{\"@type\":\"WebPage\",\"@id\":\"https:\/\/www.advantag.ca\/custom-tags\/standard-sizes\/\",\"url\":\"https:\/\/www.advantag.ca\/custom-tags\/standard-sizes\/\",\"name\":\"Tag Sizes - Advantag Canada\",\"isPartOf\":{\"@id\":\"https:\/\/www.advantag.ca\/#website\"},\"datePublished\":\"2024-03-27T13:57:43+00:00\",\"dateModified\":\"2025-02-20T15:07:50+00:00\",\"breadcrumb\":{\"@id\":\"https:\/\/www.advantag.ca\/custom-tags\/standard-sizes\/#breadcrumb\"},\"inLanguage\":\"fr-CA\",\"potentialAction\":[{\"@type\":\"ReadAction\",\"target\":[\"https:\/\/www.advantag.ca\/custom-tags\/standard-sizes\/\"]}]},{\"@type\":\"BreadcrumbList\",\"@id\":\"https:\/\/www.advantag.ca\/custom-tags\/standard-sizes\/#breadcrumb\",\"itemListElement\":[{\"@type\":\"ListItem\",\"position\":1,\"name\":\"Accueil\",\"item\":\"https:\/\/www.advantag.ca\/\"},{\"@type\":\"ListItem\",\"position\":2,\"name\":\"Custom Printed Tags\",\"item\":\"https:\/\/www.advantag.ca\/custom-tags\/\"},{\"@type\":\"ListItem\",\"position\":3,\"name\":\"Tag Sizes\"}]},{\"@type\":\"WebSite\",\"@id\":\"https:\/\/www.advantag.ca\/#website\",\"url\":\"https:\/\/www.advantag.ca\/\",\"name\":\"Advantag Canada\",\"description\":\"Canadian Tag Manufacturer\",\"potentialAction\":[{\"@type\":\"SearchAction\",\"target\":{\"@type\":\"EntryPoint\",\"urlTemplate\":\"https:\/\/www.advantag.ca\/?s={search_term_string}\"},\"query-input\":{\"@type\":\"PropertyValueSpecification\",\"valueRequired\":true,\"valueName\":\"search_term_string\"}}],\"inLanguage\":\"fr-CA\"}]}<\/script>\n<!-- \/ Yoast SEO plugin. -->","yoast_head_json":{"title":"Tag Sizes - Advantag Canada","robots":{"index":"index","follow":"follow","max-snippet":"max-snippet:-1","max-image-preview":"max-image-preview:large","max-video-preview":"max-video-preview:-1"},"canonical":"https:\/\/www.advantag.ca\/fr\/custom-tags\/standard-sizes\/","og_locale":"fr_CA","og_type":"article","og_title":"Tag Sizes - Advantag Canada","og_description":"What sizes can my tags be?To simplify, streamline, and be the most cost effective, our tags are offered in 8 standard sizes;# 1 - 2.75'' X 1.375''# 2 - 3.25'' X 1.625''# 3 - 3.75'' X 1.875''# 4 - 4.25'' X 2.125''# 5 - 4.75'' X 2.375''# 6 - 5.25'' X 2.625''# 7 - 5.75'' [&hellip;]","og_url":"https:\/\/www.advantag.ca\/fr\/custom-tags\/standard-sizes\/","og_site_name":"Advantag Canada","article_modified_time":"2025-02-20T15:07:50+00:00","twitter_card":"summary_large_image","twitter_misc":{"Estimation du temps de lecture":"8 minutes"},"schema":{"@context":"https:\/\/schema.org","@graph":[{"@type":"WebPage","@id":"https:\/\/www.advantag.ca\/custom-tags\/standard-sizes\/","url":"https:\/\/www.advantag.ca\/custom-tags\/standard-sizes\/","name":"Tag Sizes - Advantag Canada","isPartOf":{"@id":"https:\/\/www.advantag.ca\/#website"},"datePublished":"2024-03-27T13:57:43+00:00","dateModified":"2025-02-20T15:07:50+00:00","breadcrumb":{"@id":"https:\/\/www.advantag.ca\/custom-tags\/standard-sizes\/#breadcrumb"},"inLanguage":"fr-CA","potentialAction":[{"@type":"ReadAction","target":["https:\/\/www.advantag.ca\/custom-tags\/standard-sizes\/"]}]},{"@type":"BreadcrumbList","@id":"https:\/\/www.advantag.ca\/custom-tags\/standard-sizes\/#breadcrumb","itemListElement":[{"@type":"ListItem","position":1,"name":"Accueil","item":"https:\/\/www.advantag.ca\/"},{"@type":"ListItem","position":2,"name":"Custom Printed Tags","item":"https:\/\/www.advantag.ca\/custom-tags\/"},{"@type":"ListItem","position":3,"name":"Tag Sizes"}]},{"@type":"WebSite","@id":"https:\/\/www.advantag.ca\/#website","url":"https:\/\/www.advantag.ca\/","name":"Advantag Canada","description":"Canadian Tag Manufacturer","potentialAction":[{"@type":"SearchAction","target":{"@type":"EntryPoint","urlTemplate":"https:\/\/www.advantag.ca\/?s={search_term_string}"},"query-input":{"@type":"PropertyValueSpecification","valueRequired":true,"valueName":"search_term_string"}}],"inLanguage":"fr-CA"}]}},"_links":{"self":[{"href":"https:\/\/www.advantag.ca\/fr\/wp-json\/wp\/v2\/pages\/56","targetHints":{"allow":["GET"]}}],"collection":[{"href":"https:\/\/www.advantag.ca\/fr\/wp-json\/wp\/v2\/pages"}],"about":[{"href":"https:\/\/www.advantag.ca\/fr\/wp-json\/wp\/v2\/types\/page"}],"author":[{"embeddable":true,"href":"https:\/\/www.advantag.ca\/fr\/wp-json\/wp\/v2\/users\/1"}],"replies":[{"embeddable":true,"href":"https:\/\/www.advantag.ca\/fr\/wp-json\/wp\/v2\/comments?post=56"}],"version-history":[{"count":30,"href":"https:\/\/www.advantag.ca\/fr\/wp-json\/wp\/v2\/pages\/56\/revisions"}],"predecessor-version":[{"id":2685,"href":"https:\/\/www.advantag.ca\/fr\/wp-json\/wp\/v2\/pages\/56\/revisions\/2685"}],"up":[{"embeddable":true,"href":"https:\/\/www.advantag.ca\/fr\/wp-json\/wp\/v2\/pages\/39"}],"wp:attachment":[{"href":"https:\/\/www.advantag.ca\/fr\/wp-json\/wp\/v2\/media?parent=56"}],"curies":[{"name":"wp","href":"https:\/\/api.w.org\/{rel}","templated":true}]}}